{"id":1049,"date":"2023-06-26T13:25:31","date_gmt":"2023-06-26T13:25:31","guid":{"rendered":"https:\/\/popula.cambia-marketing.it\/?page_id=1049"},"modified":"2025-08-18T13:04:40","modified_gmt":"2025-08-18T13:04:40","slug":"fuga-romantica","status":"publish","type":"page","link":"https:\/\/popula.it\/en\/fuga-romantica\/","title":{"rendered":"Fuga romantica"},"content":{"rendered":"<div data-elementor-type=\"wp-page\" data-elementor-id=\"1049\" class=\"elementor elementor-1049\" data-elementor-post-type=\"page\">\n\t\t\t\t\t\t\t\t\t<section class=\"elementor-section elementor-top-section elementor-element elementor-element-a254272 elementor-section-full_width elementor-section-height-min-height elementor-section-items-bottom elementor-section-height-default\" data-id=\"a254272\" data-element_type=\"section\" data-settings=\"{&quot;background_background&quot;:&quot;classic&quot;}\">\n\t\t\t\t\t\t\t<div class=\"elementor-background-overlay\"><\/div>\n\t\t\t\t\t\t\t<div class=\"elementor-container elementor-column-gap-default\">\n\t\t\t\t\t<div class=\"elementor-column elementor-col-100 elementor-top-column elementor-element elementor-element-cf1cf93\" data-id=\"cf1cf93\" data-element_type=\"column\">\n\t\t\t<div class=\"elementor-widget-wrap elementor-element-populated\">\n\t\t\t\t\t\t\t\t<div class=\"elementor-element elementor-element-f88f232 elementor-widget elementor-widget-heading\" data-id=\"f88f232\" data-element_type=\"widget\" data-widget_type=\"heading.default\">\n\t\t\t\t<div class=\"elementor-widget-container\">\n\t\t\t<style>\/*! elementor - v3.14.0 - 26-06-2023 *\/\n.elementor-heading-title{padding:0;margin:0;line-height:1}.elementor-widget-heading .elementor-heading-title[class*=elementor-size-]>a{color:inherit;font-size:inherit;line-height:inherit}.elementor-widget-heading .elementor-heading-title.elementor-size-small{font-size:15px}.elementor-widget-heading .elementor-heading-title.elementor-size-medium{font-size:19px}.elementor-widget-heading .elementor-heading-title.elementor-size-large{font-size:29px}.elementor-widget-heading .elementor-heading-title.elementor-size-xl{font-size:39px}.elementor-widget-heading .elementor-heading-title.elementor-size-xxl{font-size:59px}<\/style><h2 class=\"elementor-heading-title elementor-size-default\">romantic getaway<\/h2>\t\t<\/div>\n\t\t\t\t<\/div>\n\t\t\t\t<div class=\"elementor-element elementor-element-3a85b61 elementor-widget elementor-widget-heading\" data-id=\"3a85b61\" data-element_type=\"widget\" data-widget_type=\"heading.default\">\n\t\t\t\t<div class=\"elementor-widget-container\">\n\t\t\t<h2 class=\"elementor-heading-title elementor-size-default\">popula | the lifestyle hotel<\/h2>\t\t<\/div>\n\t\t\t\t<\/div>\n\t\t\t\t\t<\/div>\n\t\t<\/div>\n\t\t\t\t\t\t\t<\/div>\n\t\t<\/section>\n\t\t\t\t<section class=\"elementor-section elementor-top-section elementor-element elementor-element-cdceeba elementor-section-full_width elementor-section-height-default elementor-section-height-default\" data-id=\"cdceeba\" data-element_type=\"section\">\n\t\t\t\t\t\t<div class=\"elementor-container elementor-column-gap-default\">\n\t\t\t\t\t<div class=\"elementor-column elementor-col-100 elementor-top-column elementor-element elementor-element-59c779e\" data-id=\"59c779e\" data-element_type=\"column\">\n\t\t\t<div class=\"elementor-widget-wrap elementor-element-populated\">\n\t\t\t\t\t\t\t\t<div class=\"elementor-element elementor-element-5ff2a39 elementor-widget elementor-widget-heading\" data-id=\"5ff2a39\" data-element_type=\"widget\" data-widget_type=\"heading.default\">\n\t\t\t\t<div class=\"elementor-widget-container\">\n\t\t\t<h2 class=\"elementor-heading-title elementor-size-default\">Whether it's fall, Christmas is coming or the days are starting to get longer and brighter, at Popula The Lifestyle Hotel, <span class=\"testo\">every day<\/span> is the right one to indulge in a romantic getaway!<\/h2>\t\t<\/div>\n\t\t\t\t<\/div>\n\t\t\t\t\t<\/div>\n\t\t<\/div>\n\t\t\t\t\t\t\t<\/div>\n\t\t<\/section>\n\t\t\t\t<section class=\"elementor-section elementor-top-section elementor-element elementor-element-1a6803a elementor-section-full_width elementor-section-height-default elementor-section-height-default\" data-id=\"1a6803a\" data-element_type=\"section\">\n\t\t\t\t\t\t<div class=\"elementor-container elementor-column-gap-default\">\n\t\t\t\t\t<div class=\"elementor-column elementor-col-50 elementor-top-column elementor-element elementor-element-a618f19\" data-id=\"a618f19\" data-element_type=\"column\">\n\t\t\t<div class=\"elementor-widget-wrap elementor-element-populated\">\n\t\t\t\t\t\t\t\t<div class=\"elementor-element elementor-element-4e7ccfb elementor-widget elementor-widget-heading\" data-id=\"4e7ccfb\" data-element_type=\"widget\" data-widget_type=\"heading.default\">\n\t\t\t\t<div class=\"elementor-widget-container\">\n\t\t\t<h2 class=\"elementor-heading-title elementor-size-default\">package<\/h2>\t\t<\/div>\n\t\t\t\t<\/div>\n\t\t\t\t<div class=\"elementor-element elementor-element-8dd8eac elementor-widget elementor-widget-heading\" data-id=\"8dd8eac\" data-element_type=\"widget\" data-widget_type=\"heading.default\">\n\t\t\t\t<div class=\"elementor-widget-container\">\n\t\t\t<h2 class=\"elementor-heading-title elementor-size-default\">ROMANTIC GETAWAY IN SUITE\n<\/h2>\t\t<\/div>\n\t\t\t\t<\/div>\n\t\t\t\t<div class=\"elementor-element elementor-element-554a75e elementor-widget elementor-widget-text-editor\" data-id=\"554a75e\" data-element_type=\"widget\" data-widget_type=\"text-editor.default\">\n\t\t\t\t<div class=\"elementor-widget-container\">\n\t\t\t<style>\/*! elementor - v3.14.0 - 26-06-2023 *\/\n.elementor-widget-text-editor.elementor-drop-cap-view-stacked .elementor-drop-cap{background-color:#69727d;color:#fff}.elementor-widget-text-editor.elementor-drop-cap-view-framed .elementor-drop-cap{color:#69727d;border:3px solid;background-color:transparent}.elementor-widget-text-editor:not(.elementor-drop-cap-view-default) .elementor-drop-cap{margin-top:8px}.elementor-widget-text-editor:not(.elementor-drop-cap-view-default) .elementor-drop-cap-letter{width:1em;height:1em}.elementor-widget-text-editor .elementor-drop-cap{float:left;text-align:center;line-height:1;font-size:50px}.elementor-widget-text-editor .elementor-drop-cap-letter{display:inline-block}<\/style>\t\t\t\t<p>Fuga Romantica in Suite is the promotion for two people designed to give a small parenthesis of regeneration, in a prestigious environment with attention to detail in which to discover the most intimate essence of relaxation.<\/p><p>Discover the pampering reserved for you by the caring service of our staff and treat yourself to two days of the most beautiful emotions!<br \/>Promotion valid subject to availability and excluding public holidays.<\/p>\t\t\t\t\t\t<\/div>\n\t\t\t\t<\/div>\n\t\t\t\t<div class=\"elementor-element elementor-element-1c47095 elementor-widget elementor-widget-heading\" data-id=\"1c47095\" data-element_type=\"widget\" data-widget_type=\"heading.default\">\n\t\t\t\t<div class=\"elementor-widget-container\">\n\t\t\t<h2 class=\"elementor-heading-title elementor-size-default\">include<\/h2>\t\t<\/div>\n\t\t\t\t<\/div>\n\t\t\t\t<div class=\"elementor-element elementor-element-97ee29b elementor-widget elementor-widget-text-editor\" data-id=\"97ee29b\" data-element_type=\"widget\" data-widget_type=\"text-editor.default\">\n\t\t\t\t<div class=\"elementor-widget-container\">\n\t\t\t\t\t\t\t<p>- One-night stay in a suite;<br \/>- Breakfast in the room;<br \/>- Jacuzzi with chromotherapy;<br \/>\u2013 2 flute di Prosecco;<br \/>- Late Check out 12:00 pm<br \/>\u2013 Parcheggio in garage (su disponibilit\u00e0)<\/p>\t\t\t\t\t\t<\/div>\n\t\t\t\t<\/div>\n\t\t\t\t<div class=\"elementor-element elementor-element-a605bc3 elementor-widget__width-auto elementor-widget elementor-widget-button\" data-id=\"a605bc3\" data-element_type=\"widget\" data-widget_type=\"button.default\">\n\t\t\t\t<div class=\"elementor-widget-container\">\n\t\t\t\t\t<div class=\"elementor-button-wrapper\">\n\t\t\t<a class=\"elementor-button elementor-button-link elementor-size-sm\" href=\"https:\/\/booking.passepartout.cloud\/booking?oidPortale=16621&amp;lingua=en\" target=\"_blank\" rel=\"noopener\">\n\t\t\t\t\t\t<span class=\"elementor-button-content-wrapper\">\n\t\t\t\t\t\t<span class=\"elementor-button-text\">book now<\/span>\n\t\t<\/span>\n\t\t\t\t\t<\/a>\n\t\t<\/div>\n\t\t\t\t<\/div>\n\t\t\t\t<\/div>\n\t\t\t\t<div class=\"elementor-element elementor-element-5053659 elementor-widget__width-auto elementor-widget elementor-widget-button\" data-id=\"5053659\" data-element_type=\"widget\" data-widget_type=\"button.default\">\n\t\t\t\t<div class=\"elementor-widget-container\">\n\t\t\t\t\t<div class=\"elementor-button-wrapper\">\n\t\t\t<a class=\"elementor-button elementor-button-link elementor-size-sm\" href=\"https:\/\/popula.it\/en\/contatti\/#form\/\">\n\t\t\t\t\t\t<span class=\"elementor-button-content-wrapper\">\n\t\t\t\t\t\t<span class=\"elementor-button-text\">send a request<\/span>\n\t\t<\/span>\n\t\t\t\t\t<\/a>\n\t\t<\/div>\n\t\t\t\t<\/div>\n\t\t\t\t<\/div>\n\t\t\t\t\t<\/div>\n\t\t<\/div>\n\t\t\t\t<div class=\"elementor-column elementor-col-50 elementor-top-column elementor-element elementor-element-250af30\" data-id=\"250af30\" data-element_type=\"column\">\n\t\t\t<div class=\"elementor-widget-wrap elementor-element-populated\">\n\t\t\t\t\t\t\t\t<div class=\"elementor-element elementor-element-559fbc1 elementor-widget elementor-widget-heading\" data-id=\"559fbc1\" data-element_type=\"widget\" data-widget_type=\"heading.default\">\n\t\t\t\t<div class=\"elementor-widget-container\">\n\t\t\t<h2 class=\"elementor-heading-title elementor-size-default\">price for 2 persons<\/h2>\t\t<\/div>\n\t\t\t\t<\/div>\n\t\t\t\t<div class=\"elementor-element elementor-element-a63e977 elementor-widget elementor-widget-heading\" data-id=\"a63e977\" data-element_type=\"widget\" data-widget_type=\"heading.default\">\n\t\t\t\t<div class=\"elementor-widget-container\">\n\t\t\t<h2 class=\"elementor-heading-title elementor-size-default\">\u20ac209 <span class=\"prezzo\"> <del>\u20ac299<\/span><\/h2>\t\t<\/div>\n\t\t\t\t<\/div>\n\t\t\t\t<section class=\"elementor-section elementor-inner-section elementor-element elementor-element-2f61872 elementor-section-boxed elementor-section-height-default elementor-section-height-default\" data-id=\"2f61872\" data-element_type=\"section\">\n\t\t\t\t\t\t<div class=\"elementor-container elementor-column-gap-default\">\n\t\t\t\t\t<div class=\"elementor-column elementor-col-100 elementor-inner-column elementor-element elementor-element-5913ff5\" data-id=\"5913ff5\" data-element_type=\"column\" data-settings=\"{&quot;background_background&quot;:&quot;slideshow&quot;,&quot;background_slideshow_gallery&quot;:[{&quot;id&quot;:1083,&quot;url&quot;:&quot;https:\\\/\\\/popula.it\\\/wp-content\\\/uploads\\\/2023\\\/06\\\/PopulaRoom-coppia6.jpg&quot;},{&quot;id&quot;:1085,&quot;url&quot;:&quot;https:\\\/\\\/popula.it\\\/wp-content\\\/uploads\\\/2023\\\/06\\\/PopulaRoom-coppia26.jpg&quot;},{&quot;id&quot;:1084,&quot;url&quot;:&quot;https:\\\/\\\/popula.it\\\/wp-content\\\/uploads\\\/2023\\\/06\\\/PopulaRoom-coppia10.jpg&quot;},{&quot;id&quot;:462,&quot;url&quot;:&quot;https:\\\/\\\/popula.it\\\/wp-content\\\/uploads\\\/2023\\\/06\\\/standard-popula-5.png&quot;},{&quot;id&quot;:1077,&quot;url&quot;:&quot;https:\\\/\\\/popula.it\\\/wp-content\\\/uploads\\\/2023\\\/06\\\/PopulaRoom-coppia111.png&quot;},{&quot;id&quot;:1045,&quot;url&quot;:&quot;https:\\\/\\\/popula.it\\\/wp-content\\\/uploads\\\/2023\\\/06\\\/PopulaRoom-coppia14.jpg&quot;},{&quot;id&quot;:270,&quot;url&quot;:&quot;https:\\\/\\\/popula.it\\\/wp-content\\\/uploads\\\/2023\\\/06\\\/PopulaRoom-coppia64.jpg&quot;},{&quot;id&quot;:242,&quot;url&quot;:&quot;https:\\\/\\\/popula.it\\\/wp-content\\\/uploads\\\/2023\\\/06\\\/standard-popula-1.png&quot;}],&quot;background_slideshow_loop&quot;:&quot;yes&quot;,&quot;background_slideshow_slide_duration&quot;:5000,&quot;background_slideshow_slide_transition&quot;:&quot;fade&quot;,&quot;background_slideshow_transition_duration&quot;:500}\">\n\t\t\t<div class=\"elementor-widget-wrap elementor-element-populated\">\n\t\t\t\t\t\t\t\t<div class=\"elementor-element elementor-element-6ed7852 elementor-widget elementor-widget-spacer\" data-id=\"6ed7852\" data-element_type=\"widget\" data-widget_type=\"spacer.default\">\n\t\t\t\t<div class=\"elementor-widget-container\">\n\t\t\t<style>\/*! elementor - v3.14.0 - 26-06-2023 *\/\n.elementor-column .elementor-spacer-inner{height:var(--spacer-size)}.e-con{--container-widget-width:100%}.e-con-inner>.elementor-widget-spacer,.e-con>.elementor-widget-spacer{width:var(--container-widget-width,var(--spacer-size));--align-self:var(--container-widget-align-self,initial);--flex-shrink:0}.e-con-inner>.elementor-widget-spacer>.elementor-widget-container,.e-con-inner>.elementor-widget-spacer>.elementor-widget-container>.elementor-spacer,.e-con>.elementor-widget-spacer>.elementor-widget-container,.e-con>.elementor-widget-spacer>.elementor-widget-container>.elementor-spacer{height:100%}.e-con-inner>.elementor-widget-spacer>.elementor-widget-container>.elementor-spacer>.elementor-spacer-inner,.e-con>.elementor-widget-spacer>.elementor-widget-container>.elementor-spacer>.elementor-spacer-inner{height:var(--container-widget-height,var(--spacer-size))}<\/style>\t\t<div class=\"elementor-spacer\">\n\t\t\t<div class=\"elementor-spacer-inner\"><\/div>\n\t\t<\/div>\n\t\t\t\t<\/div>\n\t\t\t\t<\/div>\n\t\t\t\t\t<\/div>\n\t\t<\/div>\n\t\t\t\t\t\t\t<\/div>\n\t\t<\/section>\n\t\t\t\t\t<\/div>\n\t\t<\/div>\n\t\t\t\t\t\t\t<\/div>\n\t\t<\/section>\n\t\t\t\t\t\t\t<\/div>","protected":false},"excerpt":{"rendered":"<p>fuga romantica popula | the lifestyle hotel Che sia autunno, che arrivi il Natale o che le giornate inizino a farsi pi\u00f9 lunghe e luminose, da Popula The Lifestyle Hotel, ogni giorno \u00e8 quello giusto per concedersi una fuga romantica! pacchetto FUGA ROMANTICA IN SUITE Fuga Romantica in Suite \u00e8 la promozione per due persone [&hellip;]<\/p>","protected":false},"author":1,"featured_media":0,"parent":0,"menu_order":0,"comment_status":"closed","ping_status":"closed","template":"elementor_header_footer","meta":{"footnotes":""},"class_list":["post-1049","page","type-page","status-publish","hentry"],"_links":{"self":[{"href":"https:\/\/popula.it\/en\/wp-json\/wp\/v2\/pages\/1049","targetHints":{"allow":["GET"]}}],"collection":[{"href":"https:\/\/popula.it\/en\/wp-json\/wp\/v2\/pages"}],"about":[{"href":"https:\/\/popula.it\/en\/wp-json\/wp\/v2\/types\/page"}],"author":[{"embeddable":true,"href":"https:\/\/popula.it\/en\/wp-json\/wp\/v2\/users\/1"}],"replies":[{"embeddable":true,"href":"https:\/\/popula.it\/en\/wp-json\/wp\/v2\/comments?post=1049"}],"version-history":[{"count":82,"href":"https:\/\/popula.it\/en\/wp-json\/wp\/v2\/pages\/1049\/revisions"}],"predecessor-version":[{"id":1661,"href":"https:\/\/popula.it\/en\/wp-json\/wp\/v2\/pages\/1049\/revisions\/1661"}],"wp:attachment":[{"href":"https:\/\/popula.it\/en\/wp-json\/wp\/v2\/media?parent=1049"}],"curies":[{"name":"wp","href":"https:\/\/api.w.org\/{rel}","templated":true}]}}