{"id":3,"date":"2023-06-22T07:26:27","date_gmt":"2023-06-22T07:26:27","guid":{"rendered":"http:\/\/popula.cambia-marketing.it\/?page_id=3"},"modified":"2023-06-26T16:05:28","modified_gmt":"2023-06-26T16:05:28","slug":"privacy-policy","status":"publish","type":"page","link":"https:\/\/popula.it\/fr\/privacy-policy\/","title":{"rendered":"Privacy Policy"},"content":{"rendered":"<div data-elementor-type=\"wp-page\" data-elementor-id=\"3\" class=\"elementor elementor-3\" data-elementor-post-type=\"page\">\n\t\t\t\t\t\t\t\t\t<section class=\"elementor-section elementor-top-section elementor-element elementor-element-43ac4760 elementor-section-boxed elementor-section-height-default elementor-section-height-default\" data-id=\"43ac4760\" data-element_type=\"section\">\n\t\t\t\t\t\t<div class=\"elementor-container elementor-column-gap-default\">\n\t\t\t\t\t<div class=\"elementor-column elementor-col-100 elementor-top-column elementor-element elementor-element-66085a98\" data-id=\"66085a98\" data-element_type=\"column\">\n\t\t\t<div class=\"elementor-widget-wrap elementor-element-populated\">\n\t\t\t\t\t\t\t\t<div class=\"elementor-element elementor-element-1966e91e elementor-widget elementor-widget-text-editor\" data-id=\"1966e91e\" data-element_type=\"widget\" data-widget_type=\"text-editor.default\">\n\t\t\t\t<div class=\"elementor-widget-container\">\n\t\t\t<style>\/*! elementor - v3.14.0 - 26-06-2023 *\/\n.elementor-widget-text-editor.elementor-drop-cap-view-stacked .elementor-drop-cap{background-color:#69727d;color:#fff}.elementor-widget-text-editor.elementor-drop-cap-view-framed .elementor-drop-cap{color:#69727d;border:3px solid;background-color:transparent}.elementor-widget-text-editor:not(.elementor-drop-cap-view-default) .elementor-drop-cap{margin-top:8px}.elementor-widget-text-editor:not(.elementor-drop-cap-view-default) .elementor-drop-cap-letter{width:1em;height:1em}.elementor-widget-text-editor .elementor-drop-cap{float:left;text-align:center;line-height:1;font-size:50px}.elementor-widget-text-editor .elementor-drop-cap-letter{display:inline-block}<\/style>\t\t\t\t<!-- wp:paragraph -->\n<p><strong>La Hantony srl<\/strong>\u00a0informa i propri utenti e clienti, attraverso il presente sito web, quali sono le sue attivit\u00e0. Il nostro scopo \u00e8 quello di dare informazioni aggiornate, in ogni caso, la nostra Societ\u00e0 non potr\u00e0 in alcun modo essere dichiarata responsabile per l\u2019accuratezza, completezza o qualit\u00e0 delle informazioni fornite all\u2019interno del sito stesso. Pertanto, si esclude ogni responsabilit\u00e0 per danni materiali o immateriali derivanti dall\u2019uso o non uso delle informazioni riportate o dall\u2019uso di informazioni incorrette o incomplete. Le informazioni riportate all\u2019interno del sito non sono direttamente vincolanti e devono sempre essere confermate via e-mail o altra forma scritta dal titolare del sito.<\/p>\n<!-- \/wp:paragraph --><!-- wp:paragraph -->\n<p>Il\u00a0<strong>Titolare del trattamento<\/strong>\u00a0dei dati raccolti a seguito della consultazione di questo sito \u00e8\u00a0<strong>Hantony srl<\/strong>\u00a0con sede in Corso Roma, n. 50 73014 Gallipoli (Le); Tel.: 0833\/263926, e-mail:\u00a0<span style=\"color: #525354;\"><a style=\"color: #525354;\" href=\"mailto:solidoro.emanuele@virgilio.it\">solidoro.emanuele@virgilio.it<\/a>.<\/span><\/p>\n<!-- \/wp:paragraph --><!-- wp:paragraph -->\n<p><strong>Quali dati personali raccogliamo e per quale motivo<\/strong><\/p>\n<!-- \/wp:paragraph --><!-- wp:paragraph -->\n<p>Per dati personali si intendono tutte le informazioni relative all\u2019utente che ci consentono di identificarlo, come il nome, cognome, i recapiti, il numero di telefono, indirizzo e-mail e le informazioni sul suo accesso al nostro sito web.<\/p>\n<!-- \/wp:paragraph --><!-- wp:paragraph -->\n<p>Possiamo raccogliere i vostri dati personali quando ci contattate ai numeri di telefono indicati, inviate un\u2019e-mail ovvero utilizzate i plug-in dei social network in uso sul Sito.<\/p>\n<!-- \/wp:paragraph --><!-- wp:paragraph -->\n<p>Con l\u2019uso o la consultazione del presente Sito, pertanto,\u00a0<strong>Hantony srl\u00a0<\/strong>tratter\u00e0 i dati dei visitatori e degli utenti per:<\/p>\n<!-- \/wp:paragraph --><!-- wp:list -->\n<ul><!-- wp:list-item -->\n<li>fornire i servizi di informazione, registrazione o richieste di preventivo;<\/li>\n<!-- \/wp:list-item --><!-- wp:list-item -->\n<li>trattamento correlato al riscontro delle richieste di informazioni commerciali o richieste di disponibilit\u00e0;<\/li>\n<!-- \/wp:list-item --><!-- wp:list-item -->\n<li>verificare la raccolta necessaria ed automatica dei dati inerenti all\u2019interazione con il sito web;<\/li>\n<!-- \/wp:list-item --><!-- wp:list-item -->\n<li>gestire i dati volontariamente comunicati (e-mail, fax, etc.) per fornire specifici servizi di informazione e\/o assistenza;<\/li>\n<!-- \/wp:list-item --><!-- wp:list-item -->\n<li>analisi su dati aggregati del comportamento dei visitatori e degli utenti o analisi, su dati aggregati, del comportamento sul sito web;<\/li>\n<!-- \/wp:list-item --><!-- wp:list-item -->\n<li>iscrizione al servizio di newsletter (al fine di inviare comunicazioni, commerciali, offerte o sconti riservati agli utenti registrati al servizio);<\/li>\n<!-- \/wp:list-item --><!-- wp:list-item -->\n<li>prevenire o scoprire attivit\u00e0 fraudolente o abusi dannosi per il Sito.<\/li>\n<!-- \/wp:list-item --><\/ul>\n<!-- \/wp:list --><!-- wp:paragraph -->\n<p><strong>Base Giuridica<\/strong><\/p>\n<!-- \/wp:paragraph --><!-- wp:paragraph -->\n<p>Tratteremo i vostri dati personali solo se abbiamo una base giuridica per farlo. La base giuridica dipender\u00e0 dai motivi per i quali abbiamo raccolto e dobbiamo utilizzare i vostri dati personali. Tali motivi possono risiedere nell\u2019art. 6 comma 1 lett. b) per le richieste con finalit\u00e0 contrattuali o precontrattuali, nell\u2019art. 6 comma 1 lett. c) nell\u2019adempiere ai determinati requisiti legali e\/o regolamentari ovvero nel perseguire il legittimo interesse del Titolare; in altri casi, invece, potrebbe essere necessario il tuo consenso (digitando il tasto \u201cIscriviti\u201d nella sezione newsletter si esprime il consenso per attivit\u00e0 di marketing e invio di comunicazioni commerciali).<\/p>\n<!-- \/wp:paragraph --><!-- wp:paragraph -->\n<p><strong>Dove otteniamo i dati e natura del conferimento\u00a0<\/strong><\/p>\n<!-- \/wp:paragraph --><!-- wp:paragraph -->\n<p>I vostri dati possono essere raccolti on-line quando navigate sul sito oppure se inviate e-mail, fax o telefonate ai numeri indicati sul Sito; in particolare i dati anagrafici, l\u2019indirizzo di posta elettronica e, ove richiesto, numero di telefono \u00e8 necessario per il perseguimento delle finalit\u00e0 sopra indicate (quali, ad esempio, la fornitura del riscontro alle vostre richieste pervenute).<\/p>\n<!-- \/wp:paragraph --><!-- wp:paragraph -->\n<p>Non viene richiesto tramite il Sito alcun dato obbligatoriamente, ma l\u2019eventuale non indicazione di dati necessari a riscontrare le vostre richieste potrebbe comportare l\u2019impossibilit\u00e0 di fornirvi una risposta esaustiva o gli altri servizi disponibili.<\/p>\n<!-- \/wp:paragraph --><!-- wp:paragraph -->\n<p>A seconda dei casi e, qualora necessario, di volta in volta sarete informati del carattere obbligatorio o facoltativo del conferimento dei dati personali (es. per effettuare una specifica richiesta). Sar\u00e0 evidenziato il carattere obbligatorio o facoltativo della comunicazione dei dati, mediante un avviso o un apposito carattere alle informazioni di carattere obbligatorio. Si ricorda, infine, che la mancata indicazione di dati personali facoltativi non comporter\u00e0 alcun obbligo n\u00e9 alcuno svantaggio.<\/p>\n<!-- \/wp:paragraph --><!-- wp:paragraph -->\n<p><strong>A chi comunichiamo\/divulghiamo i tuoi dati<\/strong><\/p>\n<!-- \/wp:paragraph --><!-- wp:paragraph -->\n<p>Ai fini della fruizione dei servizi on-line, nonch\u00e9 per adempiere ai determinati requisiti giuridici e\/o regolamentari o per il legittimo interesse di\u00a0<strong>Hantony srl<\/strong>, i vostri dati potranno essere comunicati:<\/p>\n<!-- \/wp:paragraph --><!-- wp:list -->\n<ul><!-- wp:list-item -->\n<li>a nostri dipendenti e ai collaboratori interni (es. collaboratori stagionali e dipendenti appositamente incaricati);<\/li>\n<!-- \/wp:list-item --><!-- wp:list-item -->\n<li>a societ\u00e0 terze, contrattualmente collegate alla struttura, o altri soggetti che svolgono attivit\u00e0 e servizi in outsourcing per conto del Titolare del trattamento (fornitori di servizi tecnici terzi quali, ad esempio, il servizio di prenotazione on line, hosting provider, agenzie di comunicazione, fornitore dei servizi di sviluppo e manutenzione della piattaforma web, fornitore dei servizi di sviluppo, erogazione e gestione operativa delle piattaforme tecnologiche impiegate, etc.), nominati laddove necessario quali Responsabili esterni del trattamento dei dati personali;<\/li>\n<!-- \/wp:list-item --><!-- wp:list-item -->\n<li>a terzi per i quali ci\u00f2 risulti necessario ed indispensabile (o comunque funzionale) per lo svolgimento delle attivit\u00e0 di\u00a0<strong>Hantony srl<\/strong>.<\/li>\n<!-- \/wp:list-item --><\/ul>\n<!-- \/wp:list --><!-- wp:paragraph -->\n<p>Social media: possiamo usare i plug-in dei social media sul nostro sito web. Di conseguenza, i dati saranno condivisi con il servizio di social media ed eventualmente condiviso sul vostro profilo social media. Si prega di fare riferimento all\u2019Informativa sulla privacy di questi fornitori terzi di social media per saperne di pi\u00f9 su queste pratiche<\/p>\n<!-- \/wp:paragraph --><!-- wp:paragraph -->\n<p>I dati personali in ogni caso non saranno diffusi. \u00c8 fatta salva, in ogni caso, la comunicazione o diffusione di dati richiesti, in conformit\u00e0 alla legge, da Forze di Polizia, dall\u2019Autorit\u00e0 Giudiziaria, da organismi di informazione e sicurezza o da altri soggetti pubblici per finalit\u00e0 di difesa o di sicurezza dello Stato o di prevenzione, accertamento o repressione di reati.<\/p>\n<!-- \/wp:paragraph --><!-- wp:paragraph -->\n<p><strong>A chi trasferiamo i tuoi dati<\/strong><\/p>\n<!-- \/wp:paragraph --><!-- wp:paragraph -->\n<p>La gestione e la conservazione dei dati personali avverr\u00e0 in Italia e, comunque, all\u2019interno dell\u2019Unione Europea. Attualmente i server utilizzati sono situati in Italia. I dati non saranno oggetto di trasferimento al di fuori dell\u2019Unione Europea. Resta in ogni caso inteso che, ove lo ritenessimo necessario, avremo facolt\u00e0 di mutare l\u2019ubicazione dei server in Italia e\/o Unione Europea e\/o Paesi extra-UE. In tal caso, ci assicureremo sin d\u2019ora che il trasferimento dei dati extra-UE avverr\u00e0 in conformit\u00e0 alle disposizioni di legge applicabili stipulando, se necessario, accordi che garantiscano un livello di protezione adeguato e\/o adottando le clausole contrattuali standard previste dalla Commissione Europea ovvero solo in presenza di altro requisito conforme alla normativa italiana ed europea applicabile.<\/p>\n<!-- \/wp:paragraph --><!-- wp:paragraph -->\n<p><strong>Per quanto tempo conserviamo i tuoi dati<\/strong><\/p>\n<!-- \/wp:paragraph --><!-- wp:paragraph -->\n<p>I dati raccolti dal Sito durante il suo funzionamento sono utilizzati esclusivamente per alcune delle finalit\u00e0 sopra indicate e conservati per il tempo strettamente necessario a svolgere le nostre attivit\u00e0.<\/p>\n<!-- \/wp:paragraph --><!-- wp:paragraph -->\n<p>Non conserveremo i dati per un periodo di tempo superiore a quello necessario per soddisfare lo scopo per cui sono stati trattati. Per determinare il periodo di conservazione appropriato, prendiamo in considerazione la quantit\u00e0, la natura e la sensibilit\u00e0 dei dati personali, gli scopi per i quali li trattiamo e se possiamo raggiungere tali scopi con altri mezzi.<\/p>\n<!-- \/wp:paragraph --><!-- wp:paragraph -->\n<p>I dati raccolti dal Sito saranno quindi conservati per tutta la durata necessaria al riscontro delle richieste e, anche dopo la cessazione, per gestire tutti gli eventuali adempimenti contrattuali, precontrattuali o di legge connessi ovvero da essi derivanti; ci\u00f2 salvo il caso in cui non abbiate rilasciato un esplicito consenso in relazione ad alcuni dei servizi offerti, perch\u00e9 in questi ultimi casi il trattamento potr\u00e0 avere durata fino a revoca del consenso.<\/p>\n<!-- \/wp:paragraph --><!-- wp:paragraph -->\n<p><strong>Come trattiamo i tuoi dati e come rispettiamo le norme sulla protezione dei dati<\/strong><\/p>\n<!-- \/wp:paragraph --><!-- wp:paragraph -->\n<p>I dati personali sono trattati con strumenti elettronici e automatizzati per il tempo strettamente necessario a conseguire gli scopi sopra indicati. Specifiche misure di sicurezza tecniche ed organizzative sono osservate per prevenire la perdita dei dati, usi illeciti o non corretti ed accessi non autorizzati.<\/p>\n<!-- \/wp:paragraph --><!-- wp:paragraph -->\n<p>Adottiamo un insieme di misure di sicurezza tecniche ed organizzative atte a garantire la riservatezza, l\u2019integrit\u00e0 e disponibilit\u00e0 dei vostri dati.<\/p>\n<!-- \/wp:paragraph --><!-- wp:paragraph -->\n<p>Il trattamento dei dati avviene in modo lecito e corretto, effettuato nel rispetto del principio di minimizzazione.<\/p>\n<!-- \/wp:paragraph --><!-- wp:paragraph -->\n<p><strong>Come garantiamo i tuoi diritti<\/strong><\/p>\n<!-- \/wp:paragraph --><!-- wp:paragraph -->\n<p><strong>La Hantony srl<\/strong>\u00a0informa che secondo la nuova normativa europea sul trattamento dei dati, in determinate circostanze si ha il diritto di:<\/p>\n<!-- \/wp:paragraph --><!-- wp:list {\"ordered\":true} -->\n<ol><!-- wp:list-item -->\n<li>di chiederci conferma dell\u2019esistenza o meno di un trattamento di dati personali che ti riguardano e, in tal caso, di ottenere l\u2019accesso ai medesimi dati ed a tutte le informazioni relative al trattamento stesso;<\/li>\n<!-- \/wp:list-item --><!-- wp:list-item -->\n<li>di ottenere la rettifica e correzione dei dati personali inesatti e di integrare quelli incompleti, anche fornendo una dichiarazione integrativa;<\/li>\n<!-- \/wp:list-item --><!-- wp:list-item -->\n<li>di ottenere la cancellazione se:<\/li>\n<!-- \/wp:list-item --><\/ol>\n<!-- \/wp:list --><!-- wp:list -->\n<ul><!-- wp:list-item -->\n<li>i dati non sono pi\u00f9 necessari rispetto alle finalit\u00e0 per le quali sono stati raccolti o trattati,<\/li>\n<!-- \/wp:list-item --><!-- wp:list-item -->\n<li>i dati sono stati trattati illecitamente,<\/li>\n<!-- \/wp:list-item --><!-- wp:list-item -->\n<li>i dati devono essere cancellati per adempiere un obbligo legale,<\/li>\n<!-- \/wp:list-item --><!-- wp:list-item -->\n<li>hai revocato il consenso,<\/li>\n<!-- \/wp:list-item --><!-- wp:list-item -->\n<li>ci si oppone al trattamento;<\/li>\n<!-- \/wp:list-item --><\/ul>\n<!-- \/wp:list --><!-- wp:list {\"ordered\":true} -->\n<ol><!-- wp:list-item -->\n<li>di ottenere la limitazione del trattamento (e quindi di sospenderlo) quando ricorre una delle seguenti ipotesi:<\/li>\n<!-- \/wp:list-item --><\/ol>\n<!-- \/wp:list --><!-- wp:list -->\n<ul><!-- wp:list-item -->\n<li>se si contesta l\u2019esattezza dei dati personali, per il periodo a noi necessario per verificare detta esattezza;<\/li>\n<!-- \/wp:list-item --><!-- wp:list-item -->\n<li>se il trattamento \u00e8 illecito e ci si oppone alla cancellazione dei dati personali e si chiede invece che ne sia limitato l\u2019utilizzo;<\/li>\n<!-- \/wp:list-item --><!-- wp:list-item -->\n<li>qualora i dati personali siano necessari per l\u2019accertamento o l\u2019esercizio di un diritto in sede giudiziaria dell\u2019interessato;<\/li>\n<!-- \/wp:list-item --><!-- wp:list-item -->\n<li>se l\u2019interessato si \u00e8 opposto al trattamento, in attesa della verifica in merito all\u2019eventuale prevalenza dei nostri motivi legittimi rispetto ai tuoi;<\/li>\n<!-- \/wp:list-item --><\/ul>\n<!-- \/wp:list --><!-- wp:list {\"ordered\":true} -->\n<ol><!-- wp:list-item -->\n<li>di chiedere il trasferimento delle tue informazioni personali in forma elettronica e strutturata a un altro soggetto (\u201cportabilit\u00e0 dei dati\u201d);<\/li>\n<!-- \/wp:list-item --><!-- wp:list-item -->\n<li>di opporti, in tutto o in parte al trattamento;<\/li>\n<!-- \/wp:list-item --><!-- wp:list-item -->\n<li>di revocare, in qualsiasi momento, il consenso prestato (in questi casi la revoca del consenso non pregiudica la liceit\u00e0 del trattamento basata sul consenso prima della revoca);<\/li>\n<!-- \/wp:list-item --><!-- wp:list-item -->\n<li>di proporre reclamo al Garante per la protezione dei dati personali (per maggiori informazioni si consiglia di visitare il sito web www.garanteprivacy.it). \u00a0<\/li>\n<!-- \/wp:list-item --><\/ol>\n<!-- \/wp:list --><!-- wp:paragraph -->\n<p>Se si desidera esercitare uno di questi diritti, si prega di inviare una richiesta al seguente indirizzo di posta elettronica:\u00a0<span style=\"color: #525354;\"><a style=\"color: #525354;\" href=\"mailto:solidoro.emanuele@virgilio.it\">solidoro.emanuele@virgilio.it<\/a><\/span><\/p>\n<!-- \/wp:paragraph --><!-- wp:paragraph -->\n<p><strong>Modifiche e aggiornamenti alla presente Privacy Policy\u00a0 \u00a0 \u00a0<\/strong><\/p>\n<!-- \/wp:paragraph --><!-- wp:paragraph -->\n<p><strong>La Hantony srl\u00a0<\/strong>avr\u00e0 cura di modificare o semplicemente aggiornare, in tutto o in parte, la Privacy Policy del Sito anche in considerazione della modifica delle norme di legge o di regolamento che regolano questa materia e proteggono i diritti degli utenti. Le modifiche e gli aggiornamenti della Privacy Policy del Sito, agli utenti dei nostri servizi i cui dati sono in nostro possesso, saranno notificati via posta elettronica e, in ogni caso, saranno resi disponibili nella Home page non appena adottati. Vi preghiamo pertanto di accedere con regolarit\u00e0 a questa sezione per consultare la pi\u00f9 recente ed aggiornata Privacy Policy.<\/p>\n<!-- \/wp:paragraph --><!-- wp:paragraph -->\n<p><em>Aggiornato al 08.11.2022<\/em><\/p>\n<!-- \/wp:paragraph -->\t\t\t\t\t\t<\/div>\n\t\t\t\t<\/div>\n\t\t\t\t\t<\/div>\n\t\t<\/div>\n\t\t\t\t\t\t\t<\/div>\n\t\t<\/section>\n\t\t\t\t\t\t\t<\/div>","protected":false},"excerpt":{"rendered":"<p>La Hantony srl\u00a0informa i propri utenti e clienti, attraverso il presente sito web, quali sono le sue attivit\u00e0. Il nostro scopo \u00e8 quello di dare informazioni aggiornate, in ogni caso, la nostra Societ\u00e0 non potr\u00e0 in alcun modo essere dichiarata responsabile per l\u2019accuratezza, completezza o qualit\u00e0 delle informazioni fornite all\u2019interno del sito stesso. Pertanto, si [&hellip;]<\/p>","protected":false},"author":1,"featured_media":0,"parent":0,"menu_order":0,"comment_status":"closed","ping_status":"open","template":"","meta":{"footnotes":""},"class_list":["post-3","page","type-page","status-publish","hentry"],"_links":{"self":[{"href":"https:\/\/popula.it\/fr\/wp-json\/wp\/v2\/pages\/3","targetHints":{"allow":["GET"]}}],"collection":[{"href":"https:\/\/popula.it\/fr\/wp-json\/wp\/v2\/pages"}],"about":[{"href":"https:\/\/popula.it\/fr\/wp-json\/wp\/v2\/types\/page"}],"author":[{"embeddable":true,"href":"https:\/\/popula.it\/fr\/wp-json\/wp\/v2\/users\/1"}],"replies":[{"embeddable":true,"href":"https:\/\/popula.it\/fr\/wp-json\/wp\/v2\/comments?post=3"}],"version-history":[{"count":4,"href":"https:\/\/popula.it\/fr\/wp-json\/wp\/v2\/pages\/3\/revisions"}],"predecessor-version":[{"id":1236,"href":"https:\/\/popula.it\/fr\/wp-json\/wp\/v2\/pages\/3\/revisions\/1236"}],"wp:attachment":[{"href":"https:\/\/popula.it\/fr\/wp-json\/wp\/v2\/media?parent=3"}],"curies":[{"name":"wp","href":"https:\/\/api.w.org\/{rel}","templated":true}]}}